{"id":791,"date":"2021-02-19T11:13:59","date_gmt":"2021-02-19T02:13:59","guid":{"rendered":"https:\/\/itcometrue.co.jp\/?page_id=791"},"modified":"2025-03-08T21:36:45","modified_gmt":"2025-03-08T12:36:45","slug":"%e4%bb%a3%e8%a1%a8%e6%8c%a8%e6%8b%b6","status":"publish","type":"page","link":"https:\/\/itcometrue.co.jp\/?page_id=791","title":{"rendered":"\u4ee3\u8868\u6328\u62f6"},"content":{"rendered":"<div class=\"wp-block-image\">\n<figure class=\"aligncenter size-large\"><img fetchpriority=\"high\" decoding=\"async\" width=\"1024\" height=\"683\" src=\"https:\/\/itcometrue.co.jp\/wp-content\/uploads\/2021\/02\/togashira1-1024x683-1.jpeg\" alt=\"\" class=\"wp-image-794\" srcset=\"https:\/\/itcometrue.co.jp\/wp-content\/uploads\/2021\/02\/togashira1-1024x683-1.jpeg 1024w, https:\/\/itcometrue.co.jp\/wp-content\/uploads\/2021\/02\/togashira1-1024x683-1-300x200.jpeg 300w, https:\/\/itcometrue.co.jp\/wp-content\/uploads\/2021\/02\/togashira1-1024x683-1-768x512.jpeg 768w\" sizes=\"(max-width: 1024px) 100vw, 1024px\" \/><\/figure><\/div>\n\n\n<div id=\"ez-toc-container\" class=\"ez-toc-v2_0_61 counter-hierarchy ez-toc-counter ez-toc-grey ez-toc-container-direction\">\n<div class=\"ez-toc-title-container\">\n<p class=\"ez-toc-title \" >\u76ee\u6b21<\/p>\n<span class=\"ez-toc-title-toggle\"><a href=\"#\" class=\"ez-toc-pull-right ez-toc-btn ez-toc-btn-xs ez-toc-btn-default ez-toc-toggle\" aria-label=\"Toggle Table of Content\"><span class=\"ez-toc-js-icon-con\"><span class=\"\"><span class=\"eztoc-hide\" style=\"display:none;\">Toggle<\/span><span class=\"ez-toc-icon-toggle-span\"><svg style=\"fill: #999;color:#999\" xmlns=\"http:\/\/www.w3.org\/2000\/svg\" class=\"list-377408\" width=\"20px\" height=\"20px\" viewBox=\"0 0 24 24\" fill=\"none\"><path d=\"M6 6H4v2h2V6zm14 0H8v2h12V6zM4 11h2v2H4v-2zm16 0H8v2h12v-2zM4 16h2v2H4v-2zm16 0H8v2h12v-2z\" fill=\"currentColor\"><\/path><\/svg><svg style=\"fill: #999;color:#999\" class=\"arrow-unsorted-368013\" xmlns=\"http:\/\/www.w3.org\/2000\/svg\" width=\"10px\" height=\"10px\" viewBox=\"0 0 24 24\" version=\"1.2\" baseProfile=\"tiny\"><path d=\"M18.2 9.3l-6.2-6.3-6.2 6.3c-.2.2-.3.4-.3.7s.1.5.3.7c.2.2.4.3.7.3h11c.3 0 .5-.1.7-.3.2-.2.3-.5.3-.7s-.1-.5-.3-.7zM5.8 14.7l6.2 6.3 6.2-6.3c.2-.2.3-.5.3-.7s-.1-.5-.3-.7c-.2-.2-.4-.3-.7-.3h-11c-.3 0-.5.1-.7.3-.2.2-.3.5-.3.7s.1.5.3.7z\"\/><\/svg><\/span><\/span><\/span><\/a><\/span><\/div>\n<nav><ul class='ez-toc-list ez-toc-list-level-1 ' ><li class='ez-toc-page-1 ez-toc-heading-level-2'><a class=\"ez-toc-link ez-toc-heading-1\" href=\"https:\/\/itcometrue.co.jp\/?page_id=791\/#%E4%B8%96%E7%95%8C%E3%81%AE%E6%9D%B1%E4%BA%AC%E3%81%8B%E3%82%89%E3%81%93%E3%82%93%E3%81%AB%E3%81%A1%E3%81%AF%E4%B8%96%E7%95%8C%EF%BC%81%EF%BC%81\" title=\"\u4e16\u754c\u306e\u6771\u4eac\u304b\u3089\u3053\u3093\u306b\u3061\u306f\u4e16\u754c\uff01\uff01\">\u4e16\u754c\u306e\u6771\u4eac\u304b\u3089\u3053\u3093\u306b\u3061\u306f\u4e16\u754c\uff01\uff01<\/a><\/li><li class='ez-toc-page-1 ez-toc-heading-level-2'><a class=\"ez-toc-link ez-toc-heading-2\" href=\"https:\/\/itcometrue.co.jp\/?page_id=791\/#%E7%A7%81%E3%81%9F%E3%81%A1%E3%81%AE%E3%83%9F%E3%83%83%E3%82%B7%E3%83%A7%E3%83%B3\" title=\"\u79c1\u305f\u3061\u306e\u30df\u30c3\u30b7\u30e7\u30f3\">\u79c1\u305f\u3061\u306e\u30df\u30c3\u30b7\u30e7\u30f3<\/a><\/li><li class='ez-toc-page-1 ez-toc-heading-level-2'><a class=\"ez-toc-link ez-toc-heading-3\" href=\"https:\/\/itcometrue.co.jp\/?page_id=791\/#We_Give_We_Gain\" title=\"We Give, We Gain\">We Give, We Gain<\/a><\/li><li class='ez-toc-page-1 ez-toc-heading-level-2'><a class=\"ez-toc-link ez-toc-heading-4\" href=\"https:\/\/itcometrue.co.jp\/?page_id=791\/#IT_%C3%97_Entertainment_%C3%97_AI\" title=\"IT \u00d7 Entertainment \u00d7 AI\">IT \u00d7 Entertainment \u00d7 AI<\/a><\/li><li class='ez-toc-page-1 ez-toc-heading-level-2'><a class=\"ez-toc-link ez-toc-heading-5\" href=\"https:\/\/itcometrue.co.jp\/?page_id=791\/#%E6%8C%91%E6%88%A6%E3%81%A8%E6%9C%AA%E6%9D%A5\" title=\"\u6311\u6226\u3068\u672a\u6765\">\u6311\u6226\u3068\u672a\u6765<\/a><\/li><\/ul><\/nav><\/div>\n<h2 class=\"wp-block-heading\"><span class=\"ez-toc-section\" id=\"%E4%B8%96%E7%95%8C%E3%81%AE%E6%9D%B1%E4%BA%AC%E3%81%8B%E3%82%89%E3%81%93%E3%82%93%E3%81%AB%E3%81%A1%E3%81%AF%E4%B8%96%E7%95%8C%EF%BC%81%EF%BC%81\"><\/span>\u4e16\u754c\u306e\u6771\u4eac\u304b\u3089\u3053\u3093\u306b\u3061\u306f\u4e16\u754c\uff01\uff01<span class=\"ez-toc-section-end\"><\/span><\/h2>\n\n\n\n<p>\u7686\u3055\u3093\u3001\u3053\u3093\u306b\u3061\u306f\u3002ITComeTrue\u306eCEO\u3001\u51a8\u6a2b\u4fca\u4e00\u3067\u3059\u3002<\/p>\n\n\n\n<p>Hola !! \u00bfC\u00f3mo est\u00e1s, se\u00f1or y se\u00f1orita?<br>Hello everyone from Japan! We can connect the world through IT and entertainment.<\/p>\n\n\n\n<p><strong>We Give, We Gain<\/strong>\u3000<br>\u4e0e\u3048\u308b\u8005\u306f\u793e\u4f1a\u3068\u5171\u306b\u6210\u9577\u3059\u308b<\/p>\n\n\n\n<p>\u3053\u306e\u4fe1\u5ff5\u306e\u3082\u3068\u3001ITComeTrue\u3092\u7d4c\u55b6\u3057\u3066\u3044\u307e\u3059\u3002<\/p>\n\n\n\n<hr class=\"wp-block-separator has-alpha-channel-opacity\"\/>\n\n\n\n<h2 class=\"wp-block-heading\"><span class=\"ez-toc-section\" id=\"%E7%A7%81%E3%81%9F%E3%81%A1%E3%81%AE%E3%83%9F%E3%83%83%E3%82%B7%E3%83%A7%E3%83%B3\"><\/span>\u79c1\u305f\u3061\u306e\u30df\u30c3\u30b7\u30e7\u30f3<span class=\"ez-toc-section-end\"><\/span><\/h2>\n\n\n\n<p>\u79c1\u305f\u3061\u306e\u4e8b\u696d\u306f\u3001<strong>AI \u00d7 \u5e78\u798f\u5ea6\u5411\u4e0a<\/strong>\u3068\u3044\u3046\u65b0\u305f\u306a\u30c6\u30fc\u30de\u3092\u63b2\u3052\u3001\u5358\u306a\u308b\u6280\u8853\u63d0\u4f9b\u306b\u3068\u3069\u307e\u3089\u305a\u3001\u4eba\u3005\u306e\u751f\u6d3b\u306e\u8cea\u3092\u5411\u4e0a\u3055\u305b\u308b\u3053\u3068\u3092\u76ee\u6307\u3057\u3066\u3044\u307e\u3059\u3002<\/p>\n\n\n\n<p>\u73fe\u5728\u306e\u4e3b\u306a\u4e8b\u696d\u9818\u57df\u306f\u4ee5\u4e0b\u306e\u901a\u308a\u3067\u3059\uff1a<\/p>\n\n\n\n<ul>\n<li><strong>HappiBoost<\/strong>\uff08\u5e78\u798f\u5ea6\u5411\u4e0a\u30a2\u30d7\u30ea\uff09<\/li>\n\n\n\n<li><strong>AITuber<\/strong>\uff08AI\u306b\u3088\u308b\u81ea\u52d5\u751f\u6210VTuber\uff09<\/li>\n\n\n\n<li><strong>AI\u30b3\u30f3\u30b5\u30eb\u30c6\u30a3\u30f3\u30b0<\/strong>\uff08AI\u5c0e\u5165\u652f\u63f4\u30fb\u30de\u30fc\u30b1\u30c6\u30a3\u30f3\u30b0DX\u63a8\u9032\uff09<\/li>\n<\/ul>\n\n\n\n<p>\u79c1\u305f\u3061\u306f\u3001<strong>\u4eba\u3005\u306e\u5e78\u798f\u3092\u79d1\u5b66\u7684\u306b\u5411\u4e0a\u3055\u305b\u308b\u305f\u3081\u306e\u30c4\u30fc\u30eb\u3068\u30b3\u30df\u30e5\u30cb\u30c6\u30a3<\/strong>\u3092\u63d0\u4f9b\u3057\u3001IT\u3068\u30a8\u30f3\u30bf\u30fc\u30c6\u30a4\u30f3\u30e1\u30f3\u30c8\u306e\u529b\u3067\u30dd\u30b8\u30c6\u30a3\u30d6\u306a\u5909\u5316\u3092\u751f\u307f\u51fa\u3057\u3066\u3044\u304d\u307e\u3059\u3002<\/p>\n\n\n\n<hr class=\"wp-block-separator has-alpha-channel-opacity\"\/>\n\n\n\n<h2 class=\"wp-block-heading\"><span class=\"ez-toc-section\" id=\"We_Give_We_Gain\"><\/span>We Give, We Gain<span class=\"ez-toc-section-end\"><\/span><\/h2>\n\n\n\n<p>\u79c1\u305f\u3061\u304c\u63b2\u3052\u308b\u7406\u5ff5\u306f\u300c<strong>We Give, We Gain<\/strong>\u300d\u3002<\/p>\n\n\n\n<p>\u4e0e\u3048\u308b\u3053\u3068\u3067\u793e\u4f1a\u3068\u5171\u306b\u6210\u9577\u3059\u308b\u3002\u611f\u8b1d\u306e\u5faa\u74b0\u3092\u751f\u307f\u51fa\u3057\u3001\u30dd\u30b8\u30c6\u30a3\u30d6\u306a\u5f71\u97ff\u3092\u5e83\u3052\u3066\u3044\u304f\u3002<\/p>\n\n\n\n<p>\u3053\u306e\u8003\u3048\u65b9\u306f\u3001\u30dd\u30b8\u30c6\u30a3\u30d6\u5fc3\u7406\u5b66\u306e\u7814\u7a76\u306b\u3082\u88cf\u4ed8\u3051\u3089\u308c\u3066\u3044\u307e\u3059\u3002\u611f\u8b1d\u306e\u7fd2\u6163\u3092\u6301\u3064\u3053\u3068\u306f\u3001\u5e78\u798f\u5ea6\u306e\u5411\u4e0a\u3001\u30b9\u30c8\u30ec\u30b9\u8efd\u6e1b\u3001\u305d\u3057\u3066\u4eba\u9593\u95a2\u4fc2\u306e\u8cea\u306e\u5411\u4e0a\u306b\u3064\u306a\u304c\u308a\u307e\u3059\u3002<\/p>\n\n\n\n<p>HappiBoost\u3092\u901a\u3058\u3066\u3001\u4e16\u754c\u4e2d\u306e\u4eba\u3005\u304c\u300c\u3042\u308a\u304c\u3068\u3046\u300d\u306e\u529b\u3092\u5b9f\u611f\u3057\u3001\u3088\u308a\u826f\u3044\u4eba\u751f\u3092\u7bc9\u304f\u3053\u3068\u3092\u652f\u63f4\u3057\u307e\u3059\u3002<\/p>\n\n\n\n<hr class=\"wp-block-separator has-alpha-channel-opacity\"\/>\n\n\n\n<h2 class=\"wp-block-heading\"><span class=\"ez-toc-section\" id=\"IT_%C3%97_Entertainment_%C3%97_AI\"><\/span>IT \u00d7 Entertainment \u00d7 AI<span class=\"ez-toc-section-end\"><\/span><\/h2>\n\n\n\n<p><strong>IT\u306f\u4eba\u3068\u4eba\u3092\u3064\u306a\u3052\u3001\u30a8\u30f3\u30bf\u30fc\u30c6\u30a4\u30f3\u30e1\u30f3\u30c8\u306f\u5fc3\u3092\u8c4a\u304b\u306b\u3057\u3001AI\u306f\u305d\u308c\u3092\u6700\u9069\u5316\u3059\u308b\u3002<\/strong><\/p>\n\n\n\n<p>\u4f8b\u3048\u3070\u3001\u7570\u56fd\u306e\u898b\u77e5\u3089\u306c\u53cb\u4eba\u3068\u5171\u901a\u306e\u8da3\u5473\u3084\u8a00\u8a9e\u4ea4\u63db\u3092\u901a\u3058\u3066\u3064\u306a\u304c\u308a\u3001\u30ea\u30a2\u30eb\u306b\u51fa\u4f1a\u3046\u307e\u3067\u306e\u30d7\u30ed\u30bb\u30b9\u304c\u30b9\u30e0\u30fc\u30ba\u306b\u306a\u308b\u3002<\/p>\n\n\n\n<p>\u3042\u308b\u3044\u306f\u3001\u5e78\u798f\u5ea6\u3092\u79d1\u5b66\u7684\u306b\u8a08\u6e2c\u3057\u3001AI\u304c\u6700\u9069\u306a\u884c\u52d5\u3092\u63d0\u6848\u3059\u308b\u3053\u3068\u3067\u3001\u3088\u308a\u5145\u5b9f\u3057\u305f\u4eba\u751f\u3092\u9001\u308b\u3053\u3068\u304c\u3067\u304d\u308b\u3002<\/p>\n\n\n\n<p>\u3053\u308c\u304c\u3001\u79c1\u305f\u3061\u304c\u76ee\u6307\u3059\u300cIT \u00d7 Entertainment \u00d7 AI\u300d\u306e\u672a\u6765\u3067\u3059\u3002<\/p>\n\n\n\n<hr class=\"wp-block-separator has-alpha-channel-opacity\"\/>\n\n\n\n<h2 class=\"wp-block-heading\"><span class=\"ez-toc-section\" id=\"%E6%8C%91%E6%88%A6%E3%81%A8%E6%9C%AA%E6%9D%A5\"><\/span>\u6311\u6226\u3068\u672a\u6765<span class=\"ez-toc-section-end\"><\/span><\/h2>\n\n\n\n<p>\u7570\u6587\u5316\u9593\u3067\u30d3\u30b8\u30cd\u30b9\u3092\u5c55\u958b\u3059\u308b\u3053\u3068\u306f\u6c7a\u3057\u3066\u5bb9\u6613\u3067\u306f\u3042\u308a\u307e\u305b\u3093\u3002\u5546\u7fd2\u6163\u306e\u9055\u3044\u3001\u6cd5\u5f8b\u306e\u58c1\u3001\u4fa1\u5024\u89b3\u306e\u30ae\u30e3\u30c3\u30d7\u2014\u2014<\/p>\n\n\n\n<p>\u3057\u304b\u3057\u3001<strong>\u5171\u901a\u306e\u30b4\u30fc\u30eb\u3092\u6301\u3061\u3001\u5354\u529b\u3057\u5408\u3048\u3070\u3001\u3088\u308a\u826f\u3044\u672a\u6765\u3092\u7bc9\u304f\u3053\u3068\u304c\u3067\u304d\u308b\u3002<\/strong><\/p>\n\n\n\n<p>ITComeTrue\u306f\u3001\u3053\u308c\u304b\u3089\u3082<strong>AI\u3068\u5e78\u798f\u5ea6\u5411\u4e0a\u3092\u8ef8\u306b\u3001\u4e16\u754c\u4e2d\u306e\u4eba\u3005\u306e\u751f\u6d3b\u3092\u3088\u308a\u826f\u304f\u3059\u308b\u3053\u3068\u3092\u4f7f\u547d<\/strong>\u3068\u3057\u3066\u6311\u6226\u3057\u7d9a\u3051\u307e\u3059\u3002<\/p>\n\n\n\n<p><\/p>\n\n\n\n<hr class=\"wp-block-separator has-alpha-channel-opacity\"\/>\n\n\n\n<p>IT \u00d7 Entertainment \u00d7 AI can change the world.<\/p>\n\n\n\n<p>We aim to be a company that creates a future where technology and happiness coexist harmoniously.<\/p>\n\n\n\n<hr class=\"wp-block-separator has-alpha-channel-opacity\"\/>\n\n\n\n<p>Our Mission<\/p>\n\n\n\n<p>Our business aims to improve the quality of people&#8217;s lives, not just provide technology, with the new theme of AI x happiness improvement.<\/p>\n\n\n\n<p>Current main business areas are as follows:<\/p>\n\n\n\n<p>HappiBoost (app to improve happiness)<\/p>\n\n\n\n<p>AITuber (AI-generated VTuber)<\/p>\n\n\n\n<p>AI Consulting (AI introduction support and marketing DX promotion)<\/p>\n\n\n\n<p>We provide tools and communities to scientifically improve people&#8217;s happiness, and create positive change with the power of IT and entertainment.<\/p>\n\n\n\n<hr class=\"wp-block-separator has-alpha-channel-opacity\"\/>\n\n\n\n<p><strong>We Give, We Gain<\/strong><\/p>\n\n\n\n<p>Our philosophy is &#8220;We Give, We Gain.&#8221;<\/p>\n\n\n\n<p>Grow with society by giving. Create a cycle of gratitude and spread positive influence.<\/p>\n\n\n\n<p>This idea is also supported by research on positive psychology. Having a habit of gratitude leads to increased happiness, reduced stress, and improved quality of human relationships.<\/p>\n\n\n\n<p>Through HappiBoost, we help people all over the world realize the power of &#8220;thank you&#8221; and build a better life.<\/p>\n\n\n\n<hr class=\"wp-block-separator has-alpha-channel-opacity\"\/>\n\n\n\n<p>IT \u00d7 Entertainment \u00d7 AI<\/p>\n\n\n\n<p>IT connects people, entertainment enriches the soul, and AI optimizes it.<\/p>\n\n\n\n<p>For example, connecting with strangers from different countries through common hobbies and language exchange makes the process of meeting in real life smoother.<\/p>\n\n\n\n<p>Or, by scientifically measuring happiness and using AI to suggest optimal actions, you can live a more fulfilling life.<\/p>\n\n\n\n<p>This is the future of &#8220;IT \u00d7 Entertainment \u00d7 AI&#8221; that we aim for.<\/p>\n\n\n\n<hr class=\"wp-block-separator has-alpha-channel-opacity\"\/>\n\n\n\n<p>Challenges and the future<\/p>\n\n\n\n<p>It is never easy to develop business between different cultures. Differences in business practices, legal barriers, and value gaps &#8212;<\/p>\n\n\n\n<p>However, if we have a common goal and work together, we can build a better future.<\/p>\n\n\n\n<p>ITComeTrue will continue to challenge itself with the mission of improving the lives of people around the world, centered on AI and improving happiness.<\/p>\n\n\n\n<p>IT \u00d7 Entertainment \u00d7 AI can change the world.<\/p>\n\n\n\n<p>We aim to be a company that creates a future where technology and happiness coexist harmoniously.<\/p>\n\n\n\n<p><\/p>\n\n\n","protected":false},"excerpt":{"rendered":"<p>\u4e16\u754c\u306e\u6771\u4eac\u304b\u3089\u3053\u3093\u306b\u3061\u306f\u4e16\u754c\uff01\uff01 \u7686\u3055\u3093\u3001\u3053\u3093\u306b\u3061\u306f\u3002ITComeTrue\u306eCEO\u3001\u51a8\u6a2b\u4fca\u4e00\u3067\u3059\u3002 Hola !! \u00bfC\u00f3mo est\u00e1s, se\u00f1or y se\u00f1orita?Hello everyone from Ja [&hellip;]<\/p>\n","protected":false},"author":1,"featured_media":818,"parent":0,"menu_order":0,"comment_status":"closed","ping_status":"closed","template":"","meta":{"_exactmetrics_skip_tracking":false,"_exactmetrics_sitenote_active":false,"_exactmetrics_sitenote_note":"","_exactmetrics_sitenote_category":0,"_monsterinsights_skip_tracking":false,"_monsterinsights_sitenote_active":false,"_monsterinsights_sitenote_note":"","_monsterinsights_sitenote_category":0,"footnotes":""},"aioseo_notices":[],"_links":{"self":[{"href":"https:\/\/itcometrue.co.jp\/index.php?rest_route=\/wp\/v2\/pages\/791"}],"collection":[{"href":"https:\/\/itcometrue.co.jp\/index.php?rest_route=\/wp\/v2\/pages"}],"about":[{"href":"https:\/\/itcometrue.co.jp\/index.php?rest_route=\/wp\/v2\/types\/page"}],"author":[{"embeddable":true,"href":"https:\/\/itcometrue.co.jp\/index.php?rest_route=\/wp\/v2\/users\/1"}],"replies":[{"embeddable":true,"href":"https:\/\/itcometrue.co.jp\/index.php?rest_route=%2Fwp%2Fv2%2Fcomments&post=791"}],"version-history":[{"count":13,"href":"https:\/\/itcometrue.co.jp\/index.php?rest_route=\/wp\/v2\/pages\/791\/revisions"}],"predecessor-version":[{"id":1488,"href":"https:\/\/itcometrue.co.jp\/index.php?rest_route=\/wp\/v2\/pages\/791\/revisions\/1488"}],"wp:featuredmedia":[{"embeddable":true,"href":"https:\/\/itcometrue.co.jp\/index.php?rest_route=\/wp\/v2\/media\/818"}],"wp:attachment":[{"href":"https:\/\/itcometrue.co.jp\/index.php?rest_route=%2Fwp%2Fv2%2Fmedia&parent=791"}],"curies":[{"name":"wp","href":"https:\/\/api.w.org\/{rel}","templated":true}]}}